{"id":28,"date":"2024-01-18T12:39:22","date_gmt":"2024-01-18T11:39:22","guid":{"rendered":"http:\/\/site-rctm.test\/?page_id=28"},"modified":"2025-08-24T16:37:57","modified_gmt":"2025-08-24T14:37:57","slug":"informations-sur-les-entrainements-rugby-montaigu","status":"publish","type":"page","link":"http:\/\/rugby-club-montaigu-vendee.com\/index.php\/informations-sur-les-entrainements-rugby-montaigu\/","title":{"rendered":"Entrainements de Rugby du RCTM : Toutes les informations"},"content":{"rendered":"\n<p>D\u00e9couvrez les horaires d&rsquo;entra\u00eenements de Rugby de notre club d\u00e8s maintenant ! <br>Rejoignez-nous pour des sessions d&rsquo;entrainements de Rugby dynamiques et passionnantes con\u00e7ues pour am\u00e9liorer vos comp\u00e9tences et renforcer l&rsquo;\u00e9quipe. Notre programme d&rsquo;entra\u00eenements de rugby offre des sessions adapt\u00e9es \u00e0 tous les niveaux, des d\u00e9butants aux joueurs exp\u00e9riment\u00e9s. Consultez notre calendrier pour conna\u00eetre les horaires pr\u00e9cis des s\u00e9ances. <\/p>\n\n\n\n<h2 class=\"wp-block-heading\">Entrainement de Rugby Loisir<\/h2>\n\n\n\n<p>Rejoignez-nous pour des s\u00e9ances d&rsquo;entra\u00eenement de rugby intenses et enrichissantes!<\/p>\n\n\n\n<div class=\"wp-block-columns is-layout-flex wp-container-core-columns-is-layout-9d6595d7 wp-block-columns-is-layout-flex\">\n<div class=\"wp-block-column is-layout-flow wp-block-column-is-layout-flow\" style=\"flex-basis:66.66%\">\n<p>Entrainement de Rugby&nbsp; le <strong>vendredi de 20h \u00e0 22h <\/strong>puis 3 mi-temps pour ceux qui veulent<\/p>\n\n\n\n<p>Entrainement de type cross fit le <strong>mercredi de 20H \u00e0 22h<\/strong><\/p>\n\n\n\n<p>Lieu des entrainements :<strong>&nbsp;P\u00f4le sportif L\u00e9onard de Vinci<\/strong> &#8211; 35 Rue du Fromenteau, 85600 La Guyonni\u00e8re<\/p>\n\n\n\n<div class=\"wp-block-buttons is-content-justification-center is-layout-flex wp-container-core-buttons-is-layout-16018d1d wp-block-buttons-is-layout-flex\">\n<div class=\"wp-block-button is-style-primary\"><a class=\"wp-block-button__link wp-element-button\" href=\"http:\/\/rctm.fr\/index.php\/contactez-nous\/\">Rejoignez notre \u00e9quipe<\/a><\/div>\n<\/div>\n\n\n\n<h2 class=\"wp-block-heading\">Entrainement de Rugby \u00e0 Toucher<\/h2>\n\n\n\n<p>Entrainement de Rugby\u00a0 le <strong>\u00e0 d\u00e9terminer <\/strong>puis 3 mi-temps pour ceux qui veulent<\/p>\n\n\n\n<p>Lieu des entrainements :<strong>&nbsp;P\u00f4le sportif L\u00e9onard de Vinci<\/strong> &#8211; 35 Rue du Fromenteau, 85600 La Guyonni\u00e8re<\/p>\n\n\n\n<h2 class=\"wp-block-heading\">Entrainement de l&rsquo;Ecole de Rugby<\/h2>\n\n\n\n<p>Lieu des entrainements :<strong>&nbsp;P\u00f4le sportif L\u00e9onard de Vinci<\/strong> &#8211; 35 Rue du Fromenteau, 85600 La Guyonni\u00e8re<\/p>\n\n\n\n<div class=\"wp-block-columns is-layout-flex wp-container-core-columns-is-layout-9d6595d7 wp-block-columns-is-layout-flex\">\n<div class=\"wp-block-column is-layout-flow wp-block-column-is-layout-flow\">\n<p><strong>M6 &#8211; Baby Rugby<\/strong><br>Samedi : 10h -11h00<\/p>\n\n\n\n<p><strong>M8<\/strong><br>Mercredi : 18h30 &#8211; 20h Samedi : 10h -11h30<\/p>\n\n\n\n<p><strong>M10<\/strong><br>Mardi : 18h30 &#8211; 20h<br>Samedi : 10h -12h<\/p>\n<\/div>\n\n\n\n<div class=\"wp-block-column is-layout-flow wp-block-column-is-layout-flow\">\n<p><strong>M12<\/strong><br>Mercredi : 18h30 &#8211; 20h<br>Samedi : 10h -12h<\/p>\n\n\n\n<p><strong>M14<\/strong><br>Mercredi : 18h30 &#8211; 20h<br>Vendredi : 18h30 &#8211; 20h<\/p>\n<\/div>\n<\/div>\n<\/div>\n\n\n\n<div class=\"wp-block-column is-layout-flow wp-block-column-is-layout-flow\" style=\"flex-basis:33.33%\">\n<iframe src=\"https:\/\/www.google.com\/maps\/embed?pb=!1m18!1m12!1m3!1d2722.5660262936253!2d-1.3003285246542982!3d46.97021603170744!2m3!1f0!2f0!3f0!3m2!1i1024!2i768!4f13.1!3m3!1m2!1s0x4805d819a7a66399%3A0x45bac72a419ebff4!2sRugby%20Club%20des%20Terres%20de%20Montaigu!5e0!3m2!1sfr!2sfr!4v1707481390960!5m2!1sfr!2sfr\" width=\"1200\" height=\"450\" style=\"border:0;\" allowfullscreen=\"\" loading=\"lazy\" referrerpolicy=\"no-referrer-when-downgrade\"><\/iframe>\n\n\n\n<div class=\"wp-block-buttons alignwide is-content-justification-center is-layout-flex wp-container-core-buttons-is-layout-16018d1d wp-block-buttons-is-layout-flex\">\n<div class=\"wp-block-button is-style-primary\"><a class=\"wp-block-button__link wp-element-button\" href=\"http:\/\/rctm.fr\/index.php\/contactez-nous\/\">Rejoignez notre \u00e9quipe<\/a><\/div>\n<\/div>\n<\/div>\n<\/div>\n\n\n\n<h2 class=\"wp-block-heading\">Entra\u00eenements du P\u00f4le Jeune<\/h2>\n\n\n\n<p>Lieu des entrainements :<strong>\u00a0P\u00f4le sportif L\u00e9onard de Vinci<\/strong> &#8211; 35 Rue du Fromenteau, 85600 La Guyonni\u00e8re<\/p>\n\n\n\n<p><strong>M16<\/strong><br>Mercredi : 18h30 &#8211; 20h Vendredi : 18h30 &#8211; 20h<\/p>\n\n\n\n<p><strong>M19<\/strong><br>Mercredi : 18h30 &#8211; 20h Vendredi : 18h30 &#8211; 20h<\/p>\n\n\n\n<p>Vous \u00eates passionn\u00e9 de rugby et habitez proche de Montaigu ? Rejoignez notre club de rugby et vivez une exp\u00e9rience inoubliable! <br>Notre club offre bien plus que du rugby; c&rsquo;est une communaut\u00e9 o\u00f9 l&rsquo;amiti\u00e9 et la camaraderie se cultivent sur et en dehors du terrain. Avec des entra\u00eeneurs exp\u00e9riment\u00e9s et des installations de qualit\u00e9, vous d\u00e9velopperez vos comp\u00e9tences tout en tissant des liens durables. <\/p>\n\n\n<div class=\"wp-block-image\">\n<figure class=\"aligncenter size-full is-resized\"><img loading=\"lazy\" decoding=\"async\" width=\"944\" height=\"464\" src=\"http:\/\/site-rctm.test\/wp-content\/uploads\/2024\/01\/RCTM-PHOTO-GROUPE-NUIT-JOUR-V3.jpg\" alt=\"Nos joueurs du l'\u00e9quipe senior rugby de Vend\u00e9e\" class=\"wp-image-195\" style=\"width:586px;height:auto\" title=\"Rugby club de terres de Montaigu au tournois de Clisson\" srcset=\"http:\/\/rugby-club-montaigu-vendee.com\/wp-content\/uploads\/2024\/01\/RCTM-PHOTO-GROUPE-NUIT-JOUR-V3.jpg 944w, http:\/\/rugby-club-montaigu-vendee.com\/wp-content\/uploads\/2024\/01\/RCTM-PHOTO-GROUPE-NUIT-JOUR-V3-300x147.jpg 300w, http:\/\/rugby-club-montaigu-vendee.com\/wp-content\/uploads\/2024\/01\/RCTM-PHOTO-GROUPE-NUIT-JOUR-V3-768x377.jpg 768w\" sizes=\"auto, (max-width: 944px) 100vw, 944px\" \/><\/figure>\n<\/div>\n\n\n<p><\/p>\n\n\n\n<p>Venez essayer en participant aux entrainements de rugby du club.<br>Rejoignez-nous pour une aventure sportive excitante et une ambiance chaleureuse \u00e0 Montaigu !<\/p>\n\n\n\n<div class=\"wp-block-buttons is-content-justification-center is-layout-flex wp-container-core-buttons-is-layout-16018d1d wp-block-buttons-is-layout-flex\">\n<div class=\"wp-block-button is-style-primary\"><a class=\"wp-block-button__link wp-element-button\" href=\"http:\/\/rctm.fr\/index.php\/contactez-nous\/\">Rejoignez notre \u00e9quipe<\/a><\/div>\n<\/div>\n\n\n\n<p><\/p>\n","protected":false},"excerpt":{"rendered":"<p>D\u00e9couvrez les horaires d&rsquo;entra\u00eenements de Rugby de notre club d\u00e8s maintenant ! Rejoignez-nous pour des sessions d&rsquo;entrainements de Rugby dynamiques et passionnantes con\u00e7ues pour am\u00e9liorer vos comp\u00e9tences et renforcer l&rsquo;\u00e9quipe. Notre programme d&rsquo;entra\u00eenements de rugby offre des sessions adapt\u00e9es \u00e0 tous les niveaux, des d\u00e9butants aux joueurs exp\u00e9riment\u00e9s. Consultez notre calendrier pour conna\u00eetre les horaires&hellip;&nbsp;<a href=\"http:\/\/rugby-club-montaigu-vendee.com\/index.php\/informations-sur-les-entrainements-rugby-montaigu\/\" class=\"\" rel=\"bookmark\">Lire la suite &raquo;<span class=\"screen-reader-text\">Entrainements de Rugby du RCTM : Toutes les informations<\/span><\/a><\/p>\n","protected":false},"author":1,"featured_media":0,"parent":0,"menu_order":0,"comment_status":"closed","ping_status":"closed","template":"","meta":{"om_disable_all_campaigns":false,"_monsterinsights_skip_tracking":false,"_monsterinsights_sitenote_active":false,"_monsterinsights_sitenote_note":"","_monsterinsights_sitenote_category":0,"neve_meta_sidebar":"","neve_meta_container":"","neve_meta_enable_content_width":"","neve_meta_content_width":0,"neve_meta_title_alignment":"","neve_meta_author_avatar":"","neve_post_elements_order":"","neve_meta_disable_header":"","neve_meta_disable_footer":"","neve_meta_disable_title":"","footnotes":""},"class_list":["post-28","page","type-page","status-publish","hentry"],"yoast_head":"<!-- This site is optimized with the Yoast SEO plugin v26.2 - https:\/\/yoast.com\/wordpress\/plugins\/seo\/ -->\n<title>Retrouvez les horaires d&#039;entrainement du Rugby Club de Montaigu<\/title>\n<meta name=\"description\" content=\"Vous trouverez ici toutes les informations concernant les entrainements de rugby du club de rugby de Montaigu : horaires et lieux\" \/>\n<meta name=\"robots\" content=\"index, follow, max-snippet:-1, max-image-preview:large, max-video-preview:-1\" \/>\n<link rel=\"canonical\" href=\"http:\/\/rugbyclubmontaigu.fr\/index.php\/informations-sur-les-entrainements-rugby-montaigu\/\" \/>\n<meta property=\"og:locale\" content=\"fr_FR\" \/>\n<meta property=\"og:type\" content=\"article\" \/>\n<meta property=\"og:title\" content=\"Retrouvez les horaires d&#039;entrainement du Rugby Club de Montaigu\" \/>\n<meta property=\"og:description\" content=\"Vous trouverez ici toutes les informations concernant les entrainements de rugby du club de rugby de Montaigu : horaires et lieux\" \/>\n<meta property=\"og:url\" content=\"http:\/\/rugbyclubmontaigu.fr\/index.php\/informations-sur-les-entrainements-rugby-montaigu\/\" \/>\n<meta property=\"og:site_name\" content=\"Rugby Club Terres de Montaigu - Vend\u00e9e\" \/>\n<meta property=\"article:publisher\" content=\"https:\/\/fr-fr.facebook.com\/rugbyclubdesterresdemontaigu\/\" \/>\n<meta property=\"article:modified_time\" content=\"2025-08-24T14:37:57+00:00\" \/>\n<meta property=\"og:image\" content=\"http:\/\/site-rctm.test\/wp-content\/uploads\/2024\/01\/RCTM-PHOTO-GROUPE-NUIT-JOUR-V3.jpg\" \/>\n<meta name=\"twitter:card\" content=\"summary_large_image\" \/>\n<meta name=\"twitter:label1\" content=\"Dur\u00e9e de lecture estim\u00e9e\" \/>\n\t<meta name=\"twitter:data1\" content=\"2 minutes\" \/>\n<script type=\"application\/ld+json\" class=\"yoast-schema-graph\">{\"@context\":\"https:\/\/schema.org\",\"@graph\":[{\"@type\":\"WebPage\",\"@id\":\"http:\/\/rugbyclubmontaigu.fr\/index.php\/informations-sur-les-entrainements-rugby-montaigu\/\",\"url\":\"http:\/\/rugbyclubmontaigu.fr\/index.php\/informations-sur-les-entrainements-rugby-montaigu\/\",\"name\":\"Retrouvez les horaires d'entrainement du Rugby Club de Montaigu\",\"isPartOf\":{\"@id\":\"https:\/\/rugbyclubmontaiguvendee.com\/#website\"},\"primaryImageOfPage\":{\"@id\":\"http:\/\/rugbyclubmontaigu.fr\/index.php\/informations-sur-les-entrainements-rugby-montaigu\/#primaryimage\"},\"image\":{\"@id\":\"http:\/\/rugbyclubmontaigu.fr\/index.php\/informations-sur-les-entrainements-rugby-montaigu\/#primaryimage\"},\"thumbnailUrl\":\"http:\/\/site-rctm.test\/wp-content\/uploads\/2024\/01\/RCTM-PHOTO-GROUPE-NUIT-JOUR-V3.jpg\",\"datePublished\":\"2024-01-18T11:39:22+00:00\",\"dateModified\":\"2025-08-24T14:37:57+00:00\",\"description\":\"Vous trouverez ici toutes les informations concernant les entrainements de rugby du club de rugby de Montaigu : horaires et lieux\",\"breadcrumb\":{\"@id\":\"http:\/\/rugbyclubmontaigu.fr\/index.php\/informations-sur-les-entrainements-rugby-montaigu\/#breadcrumb\"},\"inLanguage\":\"fr-FR\",\"potentialAction\":[{\"@type\":\"ReadAction\",\"target\":[\"http:\/\/rugbyclubmontaigu.fr\/index.php\/informations-sur-les-entrainements-rugby-montaigu\/\"]}]},{\"@type\":\"ImageObject\",\"inLanguage\":\"fr-FR\",\"@id\":\"http:\/\/rugbyclubmontaigu.fr\/index.php\/informations-sur-les-entrainements-rugby-montaigu\/#primaryimage\",\"url\":\"http:\/\/site-rctm.test\/wp-content\/uploads\/2024\/01\/RCTM-PHOTO-GROUPE-NUIT-JOUR-V3.jpg\",\"contentUrl\":\"http:\/\/site-rctm.test\/wp-content\/uploads\/2024\/01\/RCTM-PHOTO-GROUPE-NUIT-JOUR-V3.jpg\"},{\"@type\":\"BreadcrumbList\",\"@id\":\"http:\/\/rugbyclubmontaigu.fr\/index.php\/informations-sur-les-entrainements-rugby-montaigu\/#breadcrumb\",\"itemListElement\":[{\"@type\":\"ListItem\",\"position\":1,\"name\":\"Accueil\",\"item\":\"https:\/\/rugbyclubmontaiguvendee.com\/\"},{\"@type\":\"ListItem\",\"position\":2,\"name\":\"Entrainements de Rugby du RCTM : Toutes les informations\"}]},{\"@type\":\"WebSite\",\"@id\":\"https:\/\/rugbyclubmontaiguvendee.com\/#website\",\"url\":\"https:\/\/rugbyclubmontaiguvendee.com\/\",\"name\":\"Rugby Club Terre de Montaigu - Vend\u00e9e\",\"description\":\"Rejoignez l&#039;aventure\",\"publisher\":{\"@id\":\"https:\/\/rugbyclubmontaiguvendee.com\/#organization\"},\"potentialAction\":[{\"@type\":\"SearchAction\",\"target\":{\"@type\":\"EntryPoint\",\"urlTemplate\":\"https:\/\/rugbyclubmontaiguvendee.com\/?s={search_term_string}\"},\"query-input\":{\"@type\":\"PropertyValueSpecification\",\"valueRequired\":true,\"valueName\":\"search_term_string\"}}],\"inLanguage\":\"fr-FR\"},{\"@type\":\"Organization\",\"@id\":\"https:\/\/rugbyclubmontaiguvendee.com\/#organization\",\"name\":\"Rugby Club Terre de Montaigu - Vend\u00e9e\",\"url\":\"https:\/\/rugbyclubmontaiguvendee.com\/\",\"logo\":{\"@type\":\"ImageObject\",\"inLanguage\":\"fr-FR\",\"@id\":\"https:\/\/rugbyclubmontaiguvendee.com\/#\/schema\/logo\/image\/\",\"url\":\"http:\/\/rugby-club-montaigu-vendee.com\/wp-content\/uploads\/2024\/01\/cropped-logo-RCTM-120X150.png\",\"contentUrl\":\"http:\/\/rugby-club-montaigu-vendee.com\/wp-content\/uploads\/2024\/01\/cropped-logo-RCTM-120X150.png\",\"width\":120,\"height\":150,\"caption\":\"Rugby Club Terre de Montaigu - Vend\u00e9e\"},\"image\":{\"@id\":\"https:\/\/rugbyclubmontaiguvendee.com\/#\/schema\/logo\/image\/\"},\"sameAs\":[\"https:\/\/fr-fr.facebook.com\/rugbyclubdesterresdemontaigu\/\",\"https:\/\/www.instagram.com\/edr_rctm85\/\"]}]}<\/script>\n<!-- \/ Yoast SEO plugin. -->","yoast_head_json":{"title":"Retrouvez les horaires d'entrainement du Rugby Club de Montaigu","description":"Vous trouverez ici toutes les informations concernant les entrainements de rugby du club de rugby de Montaigu : horaires et lieux","robots":{"index":"index","follow":"follow","max-snippet":"max-snippet:-1","max-image-preview":"max-image-preview:large","max-video-preview":"max-video-preview:-1"},"canonical":"http:\/\/rugbyclubmontaigu.fr\/index.php\/informations-sur-les-entrainements-rugby-montaigu\/","og_locale":"fr_FR","og_type":"article","og_title":"Retrouvez les horaires d'entrainement du Rugby Club de Montaigu","og_description":"Vous trouverez ici toutes les informations concernant les entrainements de rugby du club de rugby de Montaigu : horaires et lieux","og_url":"http:\/\/rugbyclubmontaigu.fr\/index.php\/informations-sur-les-entrainements-rugby-montaigu\/","og_site_name":"Rugby Club Terres de Montaigu - Vend\u00e9e","article_publisher":"https:\/\/fr-fr.facebook.com\/rugbyclubdesterresdemontaigu\/","article_modified_time":"2025-08-24T14:37:57+00:00","og_image":[{"url":"http:\/\/site-rctm.test\/wp-content\/uploads\/2024\/01\/RCTM-PHOTO-GROUPE-NUIT-JOUR-V3.jpg","type":"","width":"","height":""}],"twitter_card":"summary_large_image","twitter_misc":{"Dur\u00e9e de lecture estim\u00e9e":"2 minutes"},"schema":{"@context":"https:\/\/schema.org","@graph":[{"@type":"WebPage","@id":"http:\/\/rugbyclubmontaigu.fr\/index.php\/informations-sur-les-entrainements-rugby-montaigu\/","url":"http:\/\/rugbyclubmontaigu.fr\/index.php\/informations-sur-les-entrainements-rugby-montaigu\/","name":"Retrouvez les horaires d'entrainement du Rugby Club de Montaigu","isPartOf":{"@id":"https:\/\/rugbyclubmontaiguvendee.com\/#website"},"primaryImageOfPage":{"@id":"http:\/\/rugbyclubmontaigu.fr\/index.php\/informations-sur-les-entrainements-rugby-montaigu\/#primaryimage"},"image":{"@id":"http:\/\/rugbyclubmontaigu.fr\/index.php\/informations-sur-les-entrainements-rugby-montaigu\/#primaryimage"},"thumbnailUrl":"http:\/\/site-rctm.test\/wp-content\/uploads\/2024\/01\/RCTM-PHOTO-GROUPE-NUIT-JOUR-V3.jpg","datePublished":"2024-01-18T11:39:22+00:00","dateModified":"2025-08-24T14:37:57+00:00","description":"Vous trouverez ici toutes les informations concernant les entrainements de rugby du club de rugby de Montaigu : horaires et lieux","breadcrumb":{"@id":"http:\/\/rugbyclubmontaigu.fr\/index.php\/informations-sur-les-entrainements-rugby-montaigu\/#breadcrumb"},"inLanguage":"fr-FR","potentialAction":[{"@type":"ReadAction","target":["http:\/\/rugbyclubmontaigu.fr\/index.php\/informations-sur-les-entrainements-rugby-montaigu\/"]}]},{"@type":"ImageObject","inLanguage":"fr-FR","@id":"http:\/\/rugbyclubmontaigu.fr\/index.php\/informations-sur-les-entrainements-rugby-montaigu\/#primaryimage","url":"http:\/\/site-rctm.test\/wp-content\/uploads\/2024\/01\/RCTM-PHOTO-GROUPE-NUIT-JOUR-V3.jpg","contentUrl":"http:\/\/site-rctm.test\/wp-content\/uploads\/2024\/01\/RCTM-PHOTO-GROUPE-NUIT-JOUR-V3.jpg"},{"@type":"BreadcrumbList","@id":"http:\/\/rugbyclubmontaigu.fr\/index.php\/informations-sur-les-entrainements-rugby-montaigu\/#breadcrumb","itemListElement":[{"@type":"ListItem","position":1,"name":"Accueil","item":"https:\/\/rugbyclubmontaiguvendee.com\/"},{"@type":"ListItem","position":2,"name":"Entrainements de Rugby du RCTM : Toutes les informations"}]},{"@type":"WebSite","@id":"https:\/\/rugbyclubmontaiguvendee.com\/#website","url":"https:\/\/rugbyclubmontaiguvendee.com\/","name":"Rugby Club Terre de Montaigu - Vend\u00e9e","description":"Rejoignez l&#039;aventure","publisher":{"@id":"https:\/\/rugbyclubmontaiguvendee.com\/#organization"},"potentialAction":[{"@type":"SearchAction","target":{"@type":"EntryPoint","urlTemplate":"https:\/\/rugbyclubmontaiguvendee.com\/?s={search_term_string}"},"query-input":{"@type":"PropertyValueSpecification","valueRequired":true,"valueName":"search_term_string"}}],"inLanguage":"fr-FR"},{"@type":"Organization","@id":"https:\/\/rugbyclubmontaiguvendee.com\/#organization","name":"Rugby Club Terre de Montaigu - Vend\u00e9e","url":"https:\/\/rugbyclubmontaiguvendee.com\/","logo":{"@type":"ImageObject","inLanguage":"fr-FR","@id":"https:\/\/rugbyclubmontaiguvendee.com\/#\/schema\/logo\/image\/","url":"http:\/\/rugby-club-montaigu-vendee.com\/wp-content\/uploads\/2024\/01\/cropped-logo-RCTM-120X150.png","contentUrl":"http:\/\/rugby-club-montaigu-vendee.com\/wp-content\/uploads\/2024\/01\/cropped-logo-RCTM-120X150.png","width":120,"height":150,"caption":"Rugby Club Terre de Montaigu - Vend\u00e9e"},"image":{"@id":"https:\/\/rugbyclubmontaiguvendee.com\/#\/schema\/logo\/image\/"},"sameAs":["https:\/\/fr-fr.facebook.com\/rugbyclubdesterresdemontaigu\/","https:\/\/www.instagram.com\/edr_rctm85\/"]}]}},"_links":{"self":[{"href":"http:\/\/rugby-club-montaigu-vendee.com\/index.php\/wp-json\/wp\/v2\/pages\/28","targetHints":{"allow":["GET"]}}],"collection":[{"href":"http:\/\/rugby-club-montaigu-vendee.com\/index.php\/wp-json\/wp\/v2\/pages"}],"about":[{"href":"http:\/\/rugby-club-montaigu-vendee.com\/index.php\/wp-json\/wp\/v2\/types\/page"}],"author":[{"embeddable":true,"href":"http:\/\/rugby-club-montaigu-vendee.com\/index.php\/wp-json\/wp\/v2\/users\/1"}],"replies":[{"embeddable":true,"href":"http:\/\/rugby-club-montaigu-vendee.com\/index.php\/wp-json\/wp\/v2\/comments?post=28"}],"version-history":[{"count":26,"href":"http:\/\/rugby-club-montaigu-vendee.com\/index.php\/wp-json\/wp\/v2\/pages\/28\/revisions"}],"predecessor-version":[{"id":784,"href":"http:\/\/rugby-club-montaigu-vendee.com\/index.php\/wp-json\/wp\/v2\/pages\/28\/revisions\/784"}],"wp:attachment":[{"href":"http:\/\/rugby-club-montaigu-vendee.com\/index.php\/wp-json\/wp\/v2\/media?parent=28"}],"curies":[{"name":"wp","href":"https:\/\/api.w.org\/{rel}","templated":true}]}}